{"id":8793,"date":"2021-01-07T11:43:26","date_gmt":"2021-01-07T16:43:26","guid":{"rendered":"https:\/\/trashbusters.com.co\/?page_id=8793"},"modified":"2021-01-07T11:43:26","modified_gmt":"2021-01-07T16:43:26","slug":"normatividad-y-control","status":"publish","type":"page","link":"https:\/\/trashbusters.com.co\/?page_id=8793","title":{"rendered":"Normatividad y control"},"content":{"rendered":"<div class=\"container \"><br \/>\n<\/p>\n<h2><strong>Normatividad<\/strong><\/h2>\n<ul>\n<li><a title=\"Decreto 2981 de 2013\" href=\"http:\/\/www.suin-juriscol.gov.co\/viewDocument.asp?id=1505864\" target=\"_blank\" rel=\"noopener noreferrer\"> Decreto 2981 de 2013<\/a>: \u201cPor el cual se reglamenta la prestaci\u00f3n del servicio p\u00fablico de aseo\u00bb<\/li>\n<li><a title=\"Decreto 1077 de 2015\" href=\"https:\/\/www.promoambientaldistrito.com\/web\/wp-content\/uploads\/2018\/09\/Decreto-1077-de-2015.pdf\" target=\"_blank\" rel=\"noopener noreferrer\"> Decreto 1077 de 2015<\/a>: \u201cPor medio del cual se expide el Decreto \u00danico Reglamentario del Sector Vivienda, Ciudad y Territorio\u201d \u2013 Reglamenta el servicio de aseo<\/li>\n<li><a title=\"Decreto 1077 de 2015\" href=\"https:\/\/www.promoambientaldistrito.com\/web\/wp-content\/uploads\/2018\/09\/Resolucion-CRA-720-de-2015.pdf\" target=\"_blank\" rel=\"noopener noreferrer\"> Resoluci\u00f3n CRA 720 de 2015<\/a>: \u201cPor la cual se establece el r\u00e9gimen de regulaci\u00f3n tarifaria al que deben someterse las personas prestadoras del servicio p\u00fablico de aseo que atiendan en municipios de m\u00e1s de 5.000 suscriptores en \u00e1reas urbanas, la metodolog\u00eda que deben utilizar para el c\u00e1lculo de las tarifas del servicio p\u00fablico de aseo y se dictan otras disposiciones\u00bb<\/li>\n<\/ul>\n<p><\/p>\n<h2><strong>Control<\/strong><\/h2>\n<p>De acuerdo con la <a title=\"Ley 142 de 1994\" href=\"http:\/\/www.secretariasenado.gov.co\/senado\/basedoc\/ley_0142_1994.html\" target=\"_blank\" rel=\"noopener noreferrer\">Ley 142 de 1994<\/a>, Trash Busters SA ESP, est\u00e1 vigilada por:<\/p>\n<p>Superintendencia de Servicios P\u00fablicos Domiciliarios (SSPD): delegada por la Presidencia de la Rep\u00fablica para controlar y vigilar el cumplimiento de normas, calidad y eficiencia del servicio p\u00fablico de aseo domiciliario.<\/p>\n<p>Y est\u00e1 regulada por:<\/p>\n<p>Comisi\u00f3n de Regulaci\u00f3n de Agua Potable y Saneamiento B\u00e1sico (CRA): Promueve la competencia entre quienes prestan el servicio de agua potable y saneamiento b\u00e1sico y regula los monopolios en la prestaci\u00f3n de tales servicios.<\/p>\n<p>\n<\/div>\n","protected":false},"excerpt":{"rendered":"","protected":false},"author":10,"featured_media":0,"parent":0,"menu_order":0,"comment_status":"closed","ping_status":"closed","template":"full-width.php","meta":{"footnotes":""},"class_list":["post-8793","page","type-page","status-publish","hentry"],"_links":{"self":[{"href":"https:\/\/trashbusters.com.co\/index.php?rest_route=\/wp\/v2\/pages\/8793","targetHints":{"allow":["GET"]}}],"collection":[{"href":"https:\/\/trashbusters.com.co\/index.php?rest_route=\/wp\/v2\/pages"}],"about":[{"href":"https:\/\/trashbusters.com.co\/index.php?rest_route=\/wp\/v2\/types\/page"}],"author":[{"embeddable":true,"href":"https:\/\/trashbusters.com.co\/index.php?rest_route=\/wp\/v2\/users\/10"}],"replies":[{"embeddable":true,"href":"https:\/\/trashbusters.com.co\/index.php?rest_route=%2Fwp%2Fv2%2Fcomments&post=8793"}],"version-history":[{"count":7,"href":"https:\/\/trashbusters.com.co\/index.php?rest_route=\/wp\/v2\/pages\/8793\/revisions"}],"predecessor-version":[{"id":8800,"href":"https:\/\/trashbusters.com.co\/index.php?rest_route=\/wp\/v2\/pages\/8793\/revisions\/8800"}],"wp:attachment":[{"href":"https:\/\/trashbusters.com.co\/index.php?rest_route=%2Fwp%2Fv2%2Fmedia&parent=8793"}],"curies":[{"name":"wp","href":"https:\/\/api.w.org\/{rel}","templated":true}]}}