{"id":7938,"date":"2018-12-28T18:00:43","date_gmt":"2018-12-28T23:00:43","guid":{"rendered":"http:\/\/trashbusters.com.co\/?page_id=7938"},"modified":"2020-12-08T11:38:07","modified_gmt":"2020-12-08T16:38:07","slug":"lavado-de-areas-publicas","status":"publish","type":"page","link":"https:\/\/trashbusters.com.co\/?page_id=7938","title":{"rendered":"Lavado de \u00e1reas p\u00fablicas"},"content":{"rendered":"    <div class=\"parallax\" style=\"background-image: url(https:\/\/trashbusters.com.co\/wp-content\/uploads\/2018\/12\/lavapubsrv_dic2018.jpg); height:380px\" data-xpos=\"50%\" data-speed=\"0.1\" >\n            <\/div>\n    \n<h1><\/h1>\n<h1><strong>Lavado de \u00e1reas p\u00fablicas \u2013 Mantenimiento de cestas de basura<\/strong><\/h1>\n<hr class=\"color-accent-background hr-medium hr-margin-medium hr-thick\" \/>\n<div class=\"row\"><div class=\"span6 offset\">\n<p>La actividad de lavado de \u00e1reas p\u00fablicas dentro del servicio de aseo comprende el lavado de puentes peatonales y de aquellas \u00e1reas p\u00fablicas cuya condici\u00f3n de limpieza se deteriora por un uso inadecuado de tales \u00e1reas, constituy\u00e9ndose en puntos cr\u00edticos sanitarios.<\/p>\n<p>Es la actividad de remoci\u00f3n de residuos s\u00f3lidos en \u00e1reas p\u00fablicas, mediante el empleo de agua a presi\u00f3n.<\/p>\n<p>El mantenimiento de las cestas de basura en la zona urbana se realiza mensualmente, procurando que las mismas presenten un buen estado estructural y de limpieza.<\/p>\n<\/div>\n<div class=\"span6 offset\">\n    <div id=\"iconbox-1\" class=\"iconbox iconbox-top\">\n        <div class=\"icon\">\n            <span class=\"glyph icon-wand\"><\/span>\n        <\/div>\n        <div class=\"content-wrap\">\n                            <h3 class=\"title\">Rutas del servicio<\/h3>\n                        <div class=\"content\">Aqu\u00ed puede ver en detalles las rutas del servicio<\/div>\n                    <\/div>\n    <\/div>\n\n    \n<p style=\"text-align: center;\">    <a id=\"button-1\" class=\"button button1\" href=\"https:\/\/trashbusters.com.co\/wp-content\/uploads\/2020\/12\/Formato2020_Manto.pdf\" title=\"Ver Rutas\" target=\"_blank\">Ver Rutas<\/a>\n    <\/p>\n<\/div><\/div>\n","protected":false},"excerpt":{"rendered":"<p>Lavado de \u00e1reas p\u00fablicas \u2013 Mantenimiento de cestas de basura<\/p>\n","protected":false},"author":10,"featured_media":0,"parent":0,"menu_order":0,"comment_status":"open","ping_status":"open","template":"","meta":{"footnotes":""},"class_list":["post-7938","page","type-page","status-publish","hentry"],"_links":{"self":[{"href":"https:\/\/trashbusters.com.co\/index.php?rest_route=\/wp\/v2\/pages\/7938","targetHints":{"allow":["GET"]}}],"collection":[{"href":"https:\/\/trashbusters.com.co\/index.php?rest_route=\/wp\/v2\/pages"}],"about":[{"href":"https:\/\/trashbusters.com.co\/index.php?rest_route=\/wp\/v2\/types\/page"}],"author":[{"embeddable":true,"href":"https:\/\/trashbusters.com.co\/index.php?rest_route=\/wp\/v2\/users\/10"}],"replies":[{"embeddable":true,"href":"https:\/\/trashbusters.com.co\/index.php?rest_route=%2Fwp%2Fv2%2Fcomments&post=7938"}],"version-history":[{"count":4,"href":"https:\/\/trashbusters.com.co\/index.php?rest_route=\/wp\/v2\/pages\/7938\/revisions"}],"predecessor-version":[{"id":8745,"href":"https:\/\/trashbusters.com.co\/index.php?rest_route=\/wp\/v2\/pages\/7938\/revisions\/8745"}],"wp:attachment":[{"href":"https:\/\/trashbusters.com.co\/index.php?rest_route=%2Fwp%2Fv2%2Fmedia&parent=7938"}],"curies":[{"name":"wp","href":"https:\/\/api.w.org\/{rel}","templated":true}]}}