{"id":7934,"date":"2018-12-28T17:54:37","date_gmt":"2018-12-28T22:54:37","guid":{"rendered":"http:\/\/trashbusters.com.co\/?page_id=7934"},"modified":"2020-12-08T11:37:29","modified_gmt":"2020-12-08T16:37:29","slug":"corte-de-cesped","status":"publish","type":"page","link":"https:\/\/trashbusters.com.co\/?page_id=7934","title":{"rendered":"Corte de c\u00e9sped"},"content":{"rendered":"    <div class=\"parallax\" style=\"background-image: url(https:\/\/trashbusters.com.co\/wp-content\/uploads\/2018\/12\/cespedsrv_dic2018.jpg); height:380px\" data-xpos=\"50%\" data-speed=\"0.1\" >\n            <\/div>\n    \n<h1><\/h1>\n<h1><strong>Corte de c\u00e9sped<\/strong><\/h1>\n<hr class=\"color-accent-background hr-medium hr-margin-medium hr-thick\" \/>\n<div class=\"row\"><div class=\"span6 offset\">\n<p>Es la actividad del servicio p\u00fablico de aseo que consiste en cortar el pasto ubicado en \u00e1reas verdes p\u00fablicas, tales como: separadores viales ubicados en v\u00edas de tr\u00e1nsito automotor o peatonal, glorietas, rotondas, orejas o asimilables, parques p\u00fablicos sin restricci\u00f3n de acceso que se encuentren dentro del per\u00edmetro urbano, mediante el uso de equipos manuales o mec\u00e1nicos que incluye el bordeo y plateo. Comprende la recolecci\u00f3n y transporte del material obtenido hasta los sitios de aprovechamiento prioritariamente o de disposici\u00f3n final.<\/p>\n<p>Se excluye de esta actividad el corte de c\u00e9sped de los antejardines frente a los inmuebles, el cual ser\u00e1 responsabilidad de los propietarios de los mismos.<\/p>\n<\/div>\n<div class=\"span6 offset\">\n    <div id=\"iconbox-1\" class=\"iconbox iconbox-top\">\n        <div class=\"icon\">\n            <span class=\"glyph icon-wand\"><\/span>\n        <\/div>\n        <div class=\"content-wrap\">\n                            <h3 class=\"title\">Rutas del servicio<\/h3>\n                        <div class=\"content\">Aqu\u00ed puede ver en detalles las rutas del servicio<\/div>\n                    <\/div>\n    <\/div>\n\n    \n<p style=\"text-align: center;\">    <a id=\"button-1\" class=\"button button1\" href=\"https:\/\/trashbusters.com.co\/wp-content\/uploads\/2020\/12\/Formato2020_Cesped.pdf\" title=\"Ver Rutas\" target=\"_blank\">Ver Rutas<\/a>\n    <\/p>\n<\/div><\/div>\n","protected":false},"excerpt":{"rendered":"<p>Corte de c\u00e9sped<\/p>\n","protected":false},"author":10,"featured_media":0,"parent":0,"menu_order":0,"comment_status":"open","ping_status":"open","template":"","meta":{"footnotes":""},"class_list":["post-7934","page","type-page","status-publish","hentry"],"_links":{"self":[{"href":"https:\/\/trashbusters.com.co\/index.php?rest_route=\/wp\/v2\/pages\/7934","targetHints":{"allow":["GET"]}}],"collection":[{"href":"https:\/\/trashbusters.com.co\/index.php?rest_route=\/wp\/v2\/pages"}],"about":[{"href":"https:\/\/trashbusters.com.co\/index.php?rest_route=\/wp\/v2\/types\/page"}],"author":[{"embeddable":true,"href":"https:\/\/trashbusters.com.co\/index.php?rest_route=\/wp\/v2\/users\/10"}],"replies":[{"embeddable":true,"href":"https:\/\/trashbusters.com.co\/index.php?rest_route=%2Fwp%2Fv2%2Fcomments&post=7934"}],"version-history":[{"count":5,"href":"https:\/\/trashbusters.com.co\/index.php?rest_route=\/wp\/v2\/pages\/7934\/revisions"}],"predecessor-version":[{"id":8744,"href":"https:\/\/trashbusters.com.co\/index.php?rest_route=\/wp\/v2\/pages\/7934\/revisions\/8744"}],"wp:attachment":[{"href":"https:\/\/trashbusters.com.co\/index.php?rest_route=%2Fwp%2Fv2%2Fmedia&parent=7934"}],"curies":[{"name":"wp","href":"https:\/\/api.w.org\/{rel}","templated":true}]}}