{"id":7930,"date":"2018-12-28T17:48:49","date_gmt":"2018-12-28T22:48:49","guid":{"rendered":"http:\/\/trashbusters.com.co\/?page_id=7930"},"modified":"2020-12-08T11:39:33","modified_gmt":"2020-12-08T16:39:33","slug":"poda-de-arboles","status":"publish","type":"page","link":"https:\/\/trashbusters.com.co\/?page_id=7930","title":{"rendered":"Poda de \u00e1rboles"},"content":{"rendered":"    <div class=\"parallax\" style=\"background-image: url(https:\/\/trashbusters.com.co\/wp-content\/uploads\/2018\/12\/podasrv_dic2018.jpg); height:380px\" data-xpos=\"50%\" data-speed=\"0.1\" >\n            <\/div>\n    \n<h1><\/h1>\n<h1><strong>Poda de \u00e1rboles<\/strong><\/h1>\n<hr class=\"color-accent-background hr-medium hr-margin-medium hr-thick\" \/>\n<div class=\"row\"><div class=\"span6 offset\">\n<p>Es la actividad del servicio p\u00fablico de aseo que consiste en el corte de ramas de los \u00e1rboles ubicados en \u00e1reas p\u00fablicas sin restricciones de acceso, mediante el uso de equipos manuales o mec\u00e1nicos. Se incluye la recolecci\u00f3n y transporte del material obtenido hasta las estaciones de clasificaci\u00f3n y aprovechamiento o disposici\u00f3n final.<\/p>\n<p>Esta actividad se realizar\u00e1 sobre los \u00e1rboles ubicados en separadores viales ubicados en v\u00edas de tr\u00e1nsito automotor, v\u00edas peatonales, glorietas, rotondas, orejas o asimilables, parques p\u00fablicos sin restricci\u00f3n de acceso, que se encuentren dentro del per\u00edmetro urbano. Se excluyen de esta actividad los \u00e1rboles ubicados en antejardines frente a los inmuebles, los cuales ser\u00e1n responsabilidad de los propietarios de los mismos.<\/p>\n<\/div>\n<div class=\"span6 offset\">\n    <div id=\"iconbox-1\" class=\"iconbox iconbox-top\">\n        <div class=\"icon\">\n            <span class=\"glyph icon-wand\"><\/span>\n        <\/div>\n        <div class=\"content-wrap\">\n                            <h3 class=\"title\">Rutas del servicio<\/h3>\n                        <div class=\"content\">Aqu\u00ed puede ver en detalles las rutas del servicio<\/div>\n                    <\/div>\n    <\/div>\n\n    \n<p style=\"text-align: center;\">    <a id=\"button-1\" class=\"button button1\" href=\"https:\/\/trashbusters.com.co\/wp-content\/uploads\/2020\/12\/Formato2020_Arboles.pdf\" title=\"Ver Rutas\" target=\"_blank\">Ver Rutas<\/a>\n    <\/p>\n<\/div><\/div>\n","protected":false},"excerpt":{"rendered":"<p>Poda de \u00e1rboles<\/p>\n","protected":false},"author":10,"featured_media":0,"parent":0,"menu_order":0,"comment_status":"open","ping_status":"open","template":"","meta":{"footnotes":""},"class_list":["post-7930","page","type-page","status-publish","hentry"],"_links":{"self":[{"href":"https:\/\/trashbusters.com.co\/index.php?rest_route=\/wp\/v2\/pages\/7930","targetHints":{"allow":["GET"]}}],"collection":[{"href":"https:\/\/trashbusters.com.co\/index.php?rest_route=\/wp\/v2\/pages"}],"about":[{"href":"https:\/\/trashbusters.com.co\/index.php?rest_route=\/wp\/v2\/types\/page"}],"author":[{"embeddable":true,"href":"https:\/\/trashbusters.com.co\/index.php?rest_route=\/wp\/v2\/users\/10"}],"replies":[{"embeddable":true,"href":"https:\/\/trashbusters.com.co\/index.php?rest_route=%2Fwp%2Fv2%2Fcomments&post=7930"}],"version-history":[{"count":6,"href":"https:\/\/trashbusters.com.co\/index.php?rest_route=\/wp\/v2\/pages\/7930\/revisions"}],"predecessor-version":[{"id":8747,"href":"https:\/\/trashbusters.com.co\/index.php?rest_route=\/wp\/v2\/pages\/7930\/revisions\/8747"}],"wp:attachment":[{"href":"https:\/\/trashbusters.com.co\/index.php?rest_route=%2Fwp%2Fv2%2Fmedia&parent=7930"}],"curies":[{"name":"wp","href":"https:\/\/api.w.org\/{rel}","templated":true}]}}