{"id":7464,"date":"2016-09-06T10:56:41","date_gmt":"2016-09-06T15:56:41","guid":{"rendered":"http:\/\/trashbusters.com.co\/?page_id=7464"},"modified":"2024-02-20T19:51:07","modified_gmt":"2024-02-21T00:51:07","slug":"trabaje-con-nosotros","status":"publish","type":"page","link":"https:\/\/trashbusters.com.co\/?page_id=7464","title":{"rendered":"Trabaje con nosotros"},"content":{"rendered":"<p>En<strong> Trash Busters<\/strong>\u00a0buscamos el mejor talento de San Andr\u00e9s. Personas con potencial humano y profesional, que contribuyan\u00a0al prop\u00f3sito superior de aportar a la construcci\u00f3n de una Isla ambientalmente\u00a0sostenible, a trav\u00e9s del ingenio y las habilidades que caracterizan a los habitantes de nuestro archipi\u00e9lago.<\/p>\n<p>Nuestra Empresa realiza la selecci\u00f3n de personal a partir del modelo de Gesti\u00f3n del Talento Humano, basado en competencias, incorporando a la organizaci\u00f3n personas coherentes con nuestros valores organizacionales como lo son:<\/p>\n<ul>\n<li>Transparencia.<\/li>\n<li>Responsabilidad.<\/li>\n<li>Calidez.<\/li>\n<li>Confiabilidad.<\/li>\n<li>Compromiso.<\/li>\n<li>Innovaci\u00f3n.<\/li>\n<li>Servicio.<\/li>\n<\/ul>\n<p>Personas laboriosas, con capacidad de trabajar en equipo y con la mejor energ\u00eda para alcanzar las metas y lograr los objetivos de nuestra Empresa.<\/p>\n<h2 style=\"font-weight: bold; font-style: inherit; color: #005ba9;\"><\/h2>\n<p>&nbsp;<\/p>\n<h2 style=\"font-weight: bold; font-style: inherit; color: #005ba9;\">\u00bfQu\u00e9 debes hacer?<\/h2>\n<p style=\"color: #5d5d5d;\">Aqu\u00ed podr\u00e1s encontrar todas las opciones que tenemos para ti en materia de empleos.<\/p>\n<p style=\"color: #5d5d5d;\">Participa de las convocatorias laborales disponibles, las cuales siguen un proceso transparente, que no requiere ning\u00fan tipo de intermediaci\u00f3n para acceder a ellas.<\/p>\n<p style=\"color: #5d5d5d;\">Es importante que tengas en cuenta que tu inscripci\u00f3n a los procesos de selecci\u00f3n se hace solo mediante nuestro portal web, ya no tendr\u00e1s que entregar f\u00edsicamente tu solicitud de inscripci\u00f3n en las instalaciones de\u00a0Trash Busters.<\/p>\n<p style=\"color: #5d5d5d;\">La divulgaci\u00f3n de los resultados de las diferentes etapas y la citaci\u00f3n a las actividades, se hara personalmente.<\/p>\n<p style=\"color: #5d5d5d;\"><hr class=\"color-accent-background hr-thick\" \/>\n<h4 style=\"color: #5d5d5d;\"><strong>Aplica registrando tus datos<\/strong><\/h4>\n<p style=\"color: #5d5d5d;\"><div class=\"row\"><div class=\"span6 offset\">\n<div class=\"wpcf7 no-js\" id=\"wpcf7-f7466-o1\" lang=\"es-ES\" dir=\"ltr\" data-wpcf7-id=\"7466\">\n<div class=\"screen-reader-response\"><p role=\"status\" aria-live=\"polite\" aria-atomic=\"true\"><\/p> <ul><\/ul><\/div>\n<form action=\"\/index.php?rest_route=%2Fwp%2Fv2%2Fpages%2F7464#wpcf7-f7466-o1\" method=\"post\" class=\"wpcf7-form init\" aria-label=\"Formulario de contacto\" enctype=\"multipart\/form-data\" novalidate=\"novalidate\" data-status=\"init\">\n<fieldset class=\"hidden-fields-container\"><input type=\"hidden\" name=\"_wpcf7\" value=\"7466\" \/><input type=\"hidden\" name=\"_wpcf7_version\" value=\"6.1.5\" \/><input type=\"hidden\" name=\"_wpcf7_locale\" value=\"es_ES\" \/><input type=\"hidden\" name=\"_wpcf7_unit_tag\" value=\"wpcf7-f7466-o1\" \/><input type=\"hidden\" name=\"_wpcf7_container_post\" value=\"0\" \/><input type=\"hidden\" name=\"_wpcf7_posted_data_hash\" value=\"\" \/>\n<\/fieldset>\n<p>Nombre y Apellidos (requerido)\n<\/p>\n<p><span class=\"wpcf7-form-control-wrap\" data-name=\"text-557\"><input size=\"40\" maxlength=\"400\" class=\"wpcf7-form-control wpcf7-text wpcf7-validates-as-required textoformulario1\" aria-required=\"true\" aria-invalid=\"false\" value=\"\" type=\"text\" name=\"text-557\" \/><\/span>\n<\/p>\n<p>Correo electr\u00f3nico (requerido)\n<\/p>\n<p><span class=\"wpcf7-form-control-wrap\" data-name=\"email-78\"><input size=\"40\" maxlength=\"400\" class=\"wpcf7-form-control wpcf7-email wpcf7-validates-as-required wpcf7-text wpcf7-validates-as-email textoformulario1\" aria-required=\"true\" aria-invalid=\"false\" value=\"\" type=\"email\" name=\"email-78\" \/><\/span>\n<\/p>\n<p>Tel\u00e9fono de cont\u00e1cto (requerido)\n<\/p>\n<p><span class=\"wpcf7-form-control-wrap\" data-name=\"tel-36\"><input size=\"40\" maxlength=\"400\" class=\"wpcf7-form-control wpcf7-tel wpcf7-validates-as-required wpcf7-text wpcf7-validates-as-tel textoformulario1\" aria-required=\"true\" aria-invalid=\"false\" value=\"\" type=\"tel\" name=\"tel-36\" \/><\/span>\n<\/p>\n<p>Cargo al que aplica (requerido)\n<\/p>\n<p><span class=\"wpcf7-form-control-wrap\" data-name=\"menu-464\"><select class=\"wpcf7-form-control wpcf7-select wpcf7-validates-as-required textoformulario1\" aria-required=\"true\" aria-invalid=\"false\" multiple=\"multiple\" name=\"menu-464[]\"><option value=\"Operario de Recolecci\u00f3n\">Operario de Recolecci\u00f3n<\/option><option value=\"Operario de Barrido\">Operario de Barrido<\/option><option value=\"Conductor\">Conductor<\/option><\/select><\/span>\n<\/p>\n<p>Por favor adjunta tu hoja de vida (requerido)\n<\/p>\n<p><span class=\"wpcf7-form-control-wrap\" data-name=\"file-963\"><input size=\"40\" class=\"wpcf7-form-control wpcf7-file wpcf7-validates-as-required textofolumario1\" accept=\"audio\/*,video\/*,image\/*\" aria-required=\"true\" aria-invalid=\"false\" type=\"file\" name=\"file-963\" \/><\/span>\n<\/p>\n<p>Acepta los t\u00e9minos y uso de la informaci\u00f3n (requerido)\n<\/p>\n<p><span class=\"wpcf7-form-control-wrap\" data-name=\"acceptance-217\"><span class=\"wpcf7-form-control wpcf7-acceptance\"><span class=\"wpcf7-list-item\"><input type=\"checkbox\" name=\"acceptance-217\" value=\"1\" checked=\"checked\" class=\"textoformulario1\" aria-invalid=\"false\" \/><\/span><\/span><\/span>\n<\/p>\n<p>Ingresa este Captcha: <input type=\"hidden\" name=\"_wpcf7_captcha_challenge_captcha-trabajos\" value=\"3930903074\" \/><img loading=\"lazy\" decoding=\"async\" class=\"wpcf7-form-control wpcf7-captchac wpcf7-captcha-captcha-trabajos\" width=\"72\" height=\"24\" alt=\"captcha\" src=\"https:\/\/trashbusters.com.co\/wp-content\/uploads\/wpcf7_captcha\/3930903074.png\" \/><br \/>\n<span class=\"wpcf7-form-control-wrap\" data-name=\"captcha-trabajos\"><input size=\"4\" maxlength=\"4\" class=\"wpcf7-form-control wpcf7-captchar textoformulario1\" autocomplete=\"off\" aria-invalid=\"false\" value=\"\" type=\"text\" name=\"captcha-trabajos\" \/><\/span>\n<\/p>\n<p><input class=\"wpcf7-form-control wpcf7-submit has-spinner\" type=\"submit\" value=\"Enviar\" \/>\n<\/p><div class=\"wpcf7-response-output\" aria-hidden=\"true\"><\/div>\n<\/form>\n<\/div>\n<\/div>\n<div class=\"span6 offset\"><\/div><\/div>\n<h2 style=\"font-weight: bold; font-style: inherit; color: #005ba9;\"><\/h2>\n<p>&nbsp;<\/p>\n<p style=\"color: #5d5d5d;\">\n","protected":false},"excerpt":{"rendered":"<p>En Trash Busters\u00a0buscamos el mejor talento de San Andr\u00e9s. Personas con potencial humano y profesional, que contribuyan\u00a0al prop\u00f3sito superior de aportar a la construcci\u00f3n de una Isla ambientalmente\u00a0sostenible, a trav\u00e9s del ingenio y las habilidades que caracterizan a los habitantes de nuestro archipi\u00e9lago. Nuestra Empresa realiza la selecci\u00f3n de personal a partir del modelo de [&hellip;]<\/p>\n","protected":false},"author":1,"featured_media":0,"parent":4182,"menu_order":0,"comment_status":"open","ping_status":"open","template":"","meta":{"footnotes":""},"class_list":["post-7464","page","type-page","status-publish","hentry"],"_links":{"self":[{"href":"https:\/\/trashbusters.com.co\/index.php?rest_route=\/wp\/v2\/pages\/7464","targetHints":{"allow":["GET"]}}],"collection":[{"href":"https:\/\/trashbusters.com.co\/index.php?rest_route=\/wp\/v2\/pages"}],"about":[{"href":"https:\/\/trashbusters.com.co\/index.php?rest_route=\/wp\/v2\/types\/page"}],"author":[{"embeddable":true,"href":"https:\/\/trashbusters.com.co\/index.php?rest_route=\/wp\/v2\/users\/1"}],"replies":[{"embeddable":true,"href":"https:\/\/trashbusters.com.co\/index.php?rest_route=%2Fwp%2Fv2%2Fcomments&post=7464"}],"version-history":[{"count":8,"href":"https:\/\/trashbusters.com.co\/index.php?rest_route=\/wp\/v2\/pages\/7464\/revisions"}],"predecessor-version":[{"id":9192,"href":"https:\/\/trashbusters.com.co\/index.php?rest_route=\/wp\/v2\/pages\/7464\/revisions\/9192"}],"up":[{"embeddable":true,"href":"https:\/\/trashbusters.com.co\/index.php?rest_route=\/wp\/v2\/pages\/4182"}],"wp:attachment":[{"href":"https:\/\/trashbusters.com.co\/index.php?rest_route=%2Fwp%2Fv2%2Fmedia&parent=7464"}],"curies":[{"name":"wp","href":"https:\/\/api.w.org\/{rel}","templated":true}]}}