{"id":6745,"date":"2014-06-20T08:01:43","date_gmt":"2014-06-20T13:01:43","guid":{"rendered":"http:\/\/trashbusters.com.co\/?page_id=6745"},"modified":"2014-08-06T11:48:11","modified_gmt":"2014-08-06T16:48:11","slug":"recoleccion-de-perros-muertos","status":"publish","type":"page","link":"https:\/\/trashbusters.com.co\/?page_id=6745","title":{"rendered":"Recolecci\u00f3n de animales muertos"},"content":{"rendered":"    <div class=\"parallax\" style=\"background-image: url(http:\/\/trashbusters.com.co\/wp-content\/uploads\/2014\/06\/imagen_2.jpg); height:380px\" data-xpos=\"50%\" data-speed=\"0.1\" >\n            <\/div>\n    \n<h1><\/h1>\n<p>&nbsp;<\/p>\n<h1><span style=\"color: #ff6600;\"><strong>Recolecci\u00f3n de animales\u00a0muertos<\/strong><\/span><\/h1>\n<hr class=\"color-accent-background hr-medium hr-margin-medium hr-thick\" \/>\n<p>&nbsp;<\/p>\n<div class=\"row\"><div class=\"span8 offset\">\n<p><span style=\"color: #ff6600;\"><strong>ESPECIES MENORES<\/strong>:<\/span> <span style=\"color: #0000ff;\"><span style=\"color: #000080;\">Dando cumplimiento a lo determinado en la norma, nos encargamos de la recolecci\u00f3n de animales muertos que no excedan los 50 kilogramos. La solicitud puede ser presentada por cualquier ciudadano en nuestras oficinas o a trav\u00e9s de nuestras l\u00edneas de atenci\u00f3n al usuario. Dicho servicio se presta sin ning\u00fan costo para el solicitante<\/span>. <\/span><\/p>\n<p><span style=\"color: #ff6600;\"><strong>ESPECIES MAYORES<\/strong>:<\/span> <span style=\"color: #000080;\">La recolecci\u00f3n de animales muertos que excedan los 50 kg, abandonados en las v\u00edas o \u00e1reas p\u00fablicas, es responsabilidad de la Gobernaci\u00f3n Departamental.<\/span><\/p>\n<p><span style=\"color: #ff6600;\"><strong>L\u00cdNEAS DE ATENCI\u00d3N AL USUARIO<\/strong>: <span style=\"color: #000080;\"><strong>512 1384\u00a0 &#8211;\u00a0 512 1385\u00a0 M\u00f3vil 315 303 4288<\/strong><\/span><\/span><\/p>\n<\/div>\n<div class=\"span4 offset\"><\/div><\/div>\n<p>&nbsp;<\/p>\n","protected":false},"excerpt":{"rendered":"<p>&nbsp; Recolecci\u00f3n de animales\u00a0muertos &nbsp; &nbsp;<\/p>\n","protected":false},"author":1,"featured_media":0,"parent":0,"menu_order":0,"comment_status":"open","ping_status":"open","template":"","meta":{"footnotes":""},"class_list":["post-6745","page","type-page","status-publish","hentry"],"_links":{"self":[{"href":"https:\/\/trashbusters.com.co\/index.php?rest_route=\/wp\/v2\/pages\/6745","targetHints":{"allow":["GET"]}}],"collection":[{"href":"https:\/\/trashbusters.com.co\/index.php?rest_route=\/wp\/v2\/pages"}],"about":[{"href":"https:\/\/trashbusters.com.co\/index.php?rest_route=\/wp\/v2\/types\/page"}],"author":[{"embeddable":true,"href":"https:\/\/trashbusters.com.co\/index.php?rest_route=\/wp\/v2\/users\/1"}],"replies":[{"embeddable":true,"href":"https:\/\/trashbusters.com.co\/index.php?rest_route=%2Fwp%2Fv2%2Fcomments&post=6745"}],"version-history":[{"count":8,"href":"https:\/\/trashbusters.com.co\/index.php?rest_route=\/wp\/v2\/pages\/6745\/revisions"}],"predecessor-version":[{"id":6999,"href":"https:\/\/trashbusters.com.co\/index.php?rest_route=\/wp\/v2\/pages\/6745\/revisions\/6999"}],"wp:attachment":[{"href":"https:\/\/trashbusters.com.co\/index.php?rest_route=%2Fwp%2Fv2%2Fmedia&parent=6745"}],"curies":[{"name":"wp","href":"https:\/\/api.w.org\/{rel}","templated":true}]}}