{"id":6737,"date":"2014-06-20T07:22:46","date_gmt":"2014-06-20T12:22:46","guid":{"rendered":"http:\/\/trashbusters.com.co\/?page_id=6737"},"modified":"2023-01-04T16:12:43","modified_gmt":"2023-01-04T21:12:43","slug":"servicios-especiales","status":"publish","type":"page","link":"https:\/\/trashbusters.com.co\/?page_id=6737","title":{"rendered":"Servicios Especiales"},"content":{"rendered":"    <div class=\"parallax\" style=\"background-image: url(http:\/\/trashbusters.com.co\/wp-content\/uploads\/2014\/06\/especiales.jpg); height:380px\" data-xpos=\"50%\" data-speed=\"0.1\" >\n            <\/div>\n    \n<h1><\/h1>\n<p>&nbsp;<\/p>\n<h1><span style=\"color: #ff6600;\"><strong>Residuos s\u00f3lidos especiales<\/strong><\/span><\/h1>\n<hr class=\"color-accent-background hr-medium hr-margin-medium hr-thick\" \/>\n<p>&nbsp;<\/p>\n<div class=\"row\"><div class=\"span8 offset\"><span style=\"color: #0000ff;\">Manejamos t\u00e9cnica y ambientalmente los residuos s\u00f3lidos de caracter\u00edsticas no peligrosas que por su naturaleza, composici\u00f3n, tama\u00f1o, volumen y peso, necesidades de transporte, condiciones de almacenaje y compactaci\u00f3n, no puede ser recolectado, manejado, tratado o dispuesto normalmente. El precio del servicio de recolecci\u00f3n y transporte, solicitado en las oficinas de la Empresa, ser\u00e1 pactado libremente entre la persona prestadora y el usuario.<\/span><\/p>\n<p><span style=\"color: #0000ff;\">TRASH BUSTERS S.A. ESP ofrece a la comunidad sanandresana, entre otros, el servicio especial de recolecci\u00f3n de:<\/span><\/p>\n<p><span style=\"color: #0000ff;\">ESCOMBROS<\/span><\/p>\n<p><span style=\"color: #0000ff;\">MATERIAL VEGETAL<\/span><\/p>\n<p><span style=\"color: #0000ff;\">ANIMALES MUERTOS<\/span><\/p>\n<p><span style=\"color: #0000ff;\">PERECEDEROS VENCIDOS<\/span><\/p>\n<p><span style=\"color: #ff6600;\"><strong>CONT\u00c1CTENOS<\/strong><\/span>: <span style=\"color: #0000ff;\">de lunes a viernes de 8:00 a.m. a 12:00 m. y de 2:00 p.m. a 6.00 p.m<\/span><\/p>\n<p><strong><span style=\"color: #ff6600;\">L\u00cdNEAS DE ATENCI\u00d3N AL USUARIO<\/span><\/strong>:\u00a0 <span style=\"color: #0000ff;\">608 512 1384\u00a0 &#8211; 608 512 1385\u00a0 M\u00f3vil 315 303 4288<\/span><\/div>\n<div class=\"span4 offset\"><\/div><\/div>\n<p>&nbsp;<\/p>\n","protected":false},"excerpt":{"rendered":"<p>&nbsp; Residuos s\u00f3lidos especiales &nbsp; &nbsp;<\/p>\n","protected":false},"author":1,"featured_media":0,"parent":0,"menu_order":0,"comment_status":"open","ping_status":"open","template":"","meta":{"footnotes":""},"class_list":["post-6737","page","type-page","status-publish","hentry"],"_links":{"self":[{"href":"https:\/\/trashbusters.com.co\/index.php?rest_route=\/wp\/v2\/pages\/6737","targetHints":{"allow":["GET"]}}],"collection":[{"href":"https:\/\/trashbusters.com.co\/index.php?rest_route=\/wp\/v2\/pages"}],"about":[{"href":"https:\/\/trashbusters.com.co\/index.php?rest_route=\/wp\/v2\/types\/page"}],"author":[{"embeddable":true,"href":"https:\/\/trashbusters.com.co\/index.php?rest_route=\/wp\/v2\/users\/1"}],"replies":[{"embeddable":true,"href":"https:\/\/trashbusters.com.co\/index.php?rest_route=%2Fwp%2Fv2%2Fcomments&post=6737"}],"version-history":[{"count":9,"href":"https:\/\/trashbusters.com.co\/index.php?rest_route=\/wp\/v2\/pages\/6737\/revisions"}],"predecessor-version":[{"id":9072,"href":"https:\/\/trashbusters.com.co\/index.php?rest_route=\/wp\/v2\/pages\/6737\/revisions\/9072"}],"wp:attachment":[{"href":"https:\/\/trashbusters.com.co\/index.php?rest_route=%2Fwp%2Fv2%2Fmedia&parent=6737"}],"curies":[{"name":"wp","href":"https:\/\/api.w.org\/{rel}","templated":true}]}}