{"id":6730,"date":"2014-06-20T07:15:06","date_gmt":"2014-06-20T12:15:06","guid":{"rendered":"http:\/\/trashbusters.com.co\/?page_id=6730"},"modified":"2022-09-02T07:36:50","modified_gmt":"2022-09-02T12:36:50","slug":"barrido-y-limpieza-de-areas-publicas","status":"publish","type":"page","link":"https:\/\/trashbusters.com.co\/?page_id=6730","title":{"rendered":"Barrido y limpieza de \u00e1reas p\u00fablicas"},"content":{"rendered":"    <div class=\"parallax\" style=\"background-image: url(https:\/\/trashbusters.com.co\/wp-content\/uploads\/2014\/06\/barrido_limpieza_san-andres_islas.png); height:500px\" data-xpos=\"50%\" data-speed=\"0.1\" >\n            <\/div>\n    \n<h1><\/h1>\n<h1><strong>Barrido y limpieza de \u00e1reas p\u00fablicas<\/strong><\/h1>\n<hr class=\"color-accent-background hr-medium hr-margin-medium hr-thick\" \/>\n<div class=\"row\"><div class=\"span6 offset\">\n<p>Es la actividad manual que realizamos tendiente a dejar las \u00e1reas y la v\u00edas p\u00fablicas libres de todo residuo s\u00f3lido, esparcido o acumulado, de manera que dichas \u00e1reas queden libres de papeles, hojas, arenilla y similares y de cualquier otro objeto o material susceptible de ser removido manualmente o mediante el uso de equipos mec\u00e1nicos.<\/p>\n<\/div>\n<div class=\"span6 offset\">\n    <div id=\"iconbox-1\" class=\"iconbox iconbox-top\">\n        <div class=\"icon\">\n            <span class=\"glyph icon-wand\"><\/span>\n        <\/div>\n        <div class=\"content-wrap\">\n                            <h3 class=\"title\">Rutas de Barrido y Limpieza<\/h3>\n                        <div class=\"content\"><\/div>\n                    <\/div>\n    <\/div>\n\n    \n<p style=\"text-align: center;\">    <a id=\"button-1\" class=\"button button1\" href=\"https:\/\/trashbusters.com.co\/wp-content\/uploads\/2022\/09\/Formato2022_Limpieza.pdf\" title=\"Ver rutas\" target=\"_blank\">Ver rutas<\/a>\n    <\/p>\n<\/div><\/div>\n","protected":false},"excerpt":{"rendered":"<p>Barrido y limpieza de \u00e1reas p\u00fablicas<\/p>\n","protected":false},"author":1,"featured_media":0,"parent":0,"menu_order":0,"comment_status":"open","ping_status":"open","template":"","meta":{"footnotes":""},"class_list":["post-6730","page","type-page","status-publish","hentry"],"_links":{"self":[{"href":"https:\/\/trashbusters.com.co\/index.php?rest_route=\/wp\/v2\/pages\/6730","targetHints":{"allow":["GET"]}}],"collection":[{"href":"https:\/\/trashbusters.com.co\/index.php?rest_route=\/wp\/v2\/pages"}],"about":[{"href":"https:\/\/trashbusters.com.co\/index.php?rest_route=\/wp\/v2\/types\/page"}],"author":[{"embeddable":true,"href":"https:\/\/trashbusters.com.co\/index.php?rest_route=\/wp\/v2\/users\/1"}],"replies":[{"embeddable":true,"href":"https:\/\/trashbusters.com.co\/index.php?rest_route=%2Fwp%2Fv2%2Fcomments&post=6730"}],"version-history":[{"count":15,"href":"https:\/\/trashbusters.com.co\/index.php?rest_route=\/wp\/v2\/pages\/6730\/revisions"}],"predecessor-version":[{"id":9019,"href":"https:\/\/trashbusters.com.co\/index.php?rest_route=\/wp\/v2\/pages\/6730\/revisions\/9019"}],"wp:attachment":[{"href":"https:\/\/trashbusters.com.co\/index.php?rest_route=%2Fwp%2Fv2%2Fmedia&parent=6730"}],"curies":[{"name":"wp","href":"https:\/\/api.w.org\/{rel}","templated":true}]}}