{"id":6719,"date":"2014-06-20T07:08:44","date_gmt":"2014-06-20T12:08:44","guid":{"rendered":"http:\/\/trashbusters.com.co\/?page_id=6719"},"modified":"2022-09-02T07:38:04","modified_gmt":"2022-09-02T12:38:04","slug":"recoleccion-y-transporte","status":"publish","type":"page","link":"https:\/\/trashbusters.com.co\/?page_id=6719","title":{"rendered":"Recolecci\u00f3n y Transporte"},"content":{"rendered":"    <div class=\"parallax\" style=\"background-image: url(https:\/\/trashbusters.com.co\/wp-content\/uploads\/2014\/06\/recoleccion1.jpg); height:380px\" data-xpos=\"50%\" data-speed=\"0.1\" >\n            <\/div>\n    \n<h1><\/h1>\n<h1><strong>Recolecci\u00f3n y transporte<\/strong><\/h1>\n<hr class=\"color-accent-background hr-medium hr-margin-medium hr-thick\" \/>\n<div class=\"row\"><div class=\"span6 offset\">\n<p>Nos encargamos de recoger y transportar los residuos s\u00f3lidos ordinarios hasta el Magic Garden, sitio de disposici\u00f3n final de residuos de la Isla. Operaci\u00f3n que realizamos con equipos dotados de mecanismos homologados y personal capacitado y prove\u00eddo de equipos de protecci\u00f3n personal, uniformes de trabajo con aditamentos reflectivos conforme a la normatividad vigente en asuntos laborales y de salud ocupacional.<\/p>\n<p>En el desarrollo de esta actividad nuestros operarios evitan generar cualquier tipo de impacto negativo, especialmente ruido durante la recolecci\u00f3n nocturna, y el esparcimiento de residuos en la v\u00eda.<\/p>\n<\/div>\n<div class=\"span6 offset\">\n    <div id=\"iconbox-1\" class=\"iconbox iconbox-top\">\n        <div class=\"icon\">\n            <span class=\"glyph icon-wand\"><\/span>\n        <\/div>\n        <div class=\"content-wrap\">\n                            <h3 class=\"title\">Rutas de recolecci\u00f3n<\/h3>\n                        <div class=\"content\">Aqu\u00ed puede ver en detalles las\u00a0rutas de recolecci\u00f3n<\/div>\n                    <\/div>\n    <\/div>\n\n    \n<p style=\"text-align: center;\">    <a id=\"button-1\" class=\"button button1\" href=\"https:\/\/trashbusters.com.co\/wp-content\/uploads\/2022\/09\/Formato2022_Recoleccion.pdf\" title=\"Ver Rutas\" target=\"_blank\">Ver Rutas<\/a>\n    <\/p>\n<\/div><\/div>\n","protected":false},"excerpt":{"rendered":"<p>Recolecci\u00f3n y transporte<\/p>\n","protected":false},"author":1,"featured_media":0,"parent":0,"menu_order":0,"comment_status":"open","ping_status":"open","template":"","meta":{"footnotes":""},"class_list":["post-6719","page","type-page","status-publish","hentry"],"_links":{"self":[{"href":"https:\/\/trashbusters.com.co\/index.php?rest_route=\/wp\/v2\/pages\/6719","targetHints":{"allow":["GET"]}}],"collection":[{"href":"https:\/\/trashbusters.com.co\/index.php?rest_route=\/wp\/v2\/pages"}],"about":[{"href":"https:\/\/trashbusters.com.co\/index.php?rest_route=\/wp\/v2\/types\/page"}],"author":[{"embeddable":true,"href":"https:\/\/trashbusters.com.co\/index.php?rest_route=\/wp\/v2\/users\/1"}],"replies":[{"embeddable":true,"href":"https:\/\/trashbusters.com.co\/index.php?rest_route=%2Fwp%2Fv2%2Fcomments&post=6719"}],"version-history":[{"count":21,"href":"https:\/\/trashbusters.com.co\/index.php?rest_route=\/wp\/v2\/pages\/6719\/revisions"}],"predecessor-version":[{"id":9021,"href":"https:\/\/trashbusters.com.co\/index.php?rest_route=\/wp\/v2\/pages\/6719\/revisions\/9021"}],"wp:attachment":[{"href":"https:\/\/trashbusters.com.co\/index.php?rest_route=%2Fwp%2Fv2%2Fmedia&parent=6719"}],"curies":[{"name":"wp","href":"https:\/\/api.w.org\/{rel}","templated":true}]}}