{"id":6659,"date":"2014-06-20T05:40:46","date_gmt":"2014-06-20T10:40:46","guid":{"rendered":"http:\/\/trashbusters.com.co\/?page_id=6659"},"modified":"2023-08-28T09:59:58","modified_gmt":"2023-08-28T14:59:58","slug":"mision-vision","status":"publish","type":"page","link":"https:\/\/trashbusters.com.co\/?page_id=6659","title":{"rendered":"Misi\u00f3n &#8211; Visi\u00f3n"},"content":{"rendered":"<div class=\"container \">\n    <div class=\"parallax\" style=\"background-image: url(http:\/\/trashbusters.com.co\/wp-content\/uploads\/2014\/06\/mision.jpg); height:380px\" data-xpos=\"50%\" data-speed=\"0.1\" >\n        \n    <\/div>\n    \n<p>&nbsp;<\/p>\n<p>&nbsp;<\/p>\n<h1>Misi\u00f3n &#8211; Visi\u00f3n<\/h1>\n<hr class=\"color-accent-background hr-medium hr-margin-small hr-thick\" \/>\n<p>&nbsp;<\/p>\n<div class=\"row\"><div class=\"span4 offset\">\n    <div id=\"iconbox-1\" class=\"iconbox iconbox-left\">\n        <div class=\"icon\">\n            <span class=\"glyph icon-earth\"><\/span>\n        <\/div>\n        <div class=\"content-wrap\">\n                            <h3 class=\"title\">Misi\u00f3n<\/h3>\n                        <div class=\"content\">\n<p>Prestar el servicio p\u00fablico de aseo en la Isla de San Andr\u00e9s con altos est\u00e1ndares de calidad, eficiencia y puntualidad, promoviendo la protecci\u00f3n del medio ambiente, garantizando la prestaci\u00f3n de este servicio b\u00e1sico y esencial a la comunidad isle\u00f1a; adapt\u00e1ndonos a las necesidades espec\u00edficas de nuestros usuarios, mejorando as\u00ed su condici\u00f3n de vida.<\/p>\n<\/div>\n                    <\/div>\n    <\/div>\n\n    \n<\/div>\n<div class=\"span4 offset\">\n    <div id=\"iconbox-2\" class=\"iconbox iconbox-left\">\n        <div class=\"icon\">\n            <span class=\"glyph icon-eye-2\"><\/span>\n        <\/div>\n        <div class=\"content-wrap\">\n                            <h3 class=\"title\">Visi\u00f3n<\/h3>\n                        <div class=\"content\">TRASH BUSTERS S.A. ESP para el a\u00f1o 2025 ser\u00e1 una empresa prestadora del servicio p\u00fablico de aseo acreditada y l\u00edder en la prestaci\u00f3n de servicio en el Departamento Archipi\u00e9lago de San Andr\u00e9s, Providencia y Santa Catalina, renovando permanentemente sus equipos t\u00e9cnicos-operativos y administrativos, con el fin de brindar un mejor servicio a las Islas y sus suscriptores.<\/div>\n                    <\/div>\n    <\/div>\n\n    \n<\/div>\n<div class=\"span4 offset\">\n    <div id=\"iconbox-3\" class=\"iconbox iconbox-left\">\n        <div class=\"icon\">\n            <span class=\"glyph icon-office\"><\/span>\n        <\/div>\n        <div class=\"content-wrap\">\n                            <h3 class=\"title\">Funci\u00f3n institucional<\/h3>\n                        <div class=\"content\"><\/div>\n                    <\/div>\n    <\/div>\n\n    \n<ul>\n<li>Propender por una gesti\u00f3n integral de cada una de las actividades del servicio p\u00fablico de aseo.<\/li>\n<li>Realizar la prestaci\u00f3n del servicio de manera sustentable con respecto a lo social, cultural y ambiental.<\/li>\n<li>Promover una cultura de gesti\u00f3n empresarial eficiente.<\/li>\n<li>Contribuir a la unidad de criterios y prop\u00f3sitos administrativos, mediante el intercambio de experiencias.<\/li>\n<li>Fortalecer y ampliar las relaciones interinstitucionales de cooperaci\u00f3n con entidades afines.<\/li>\n<\/ul>\n<\/div><\/div>\n<\/div>\n<p>&nbsp;<\/p>\n","protected":false},"excerpt":{"rendered":"<p>&nbsp;<\/p>\n","protected":false},"author":1,"featured_media":0,"parent":0,"menu_order":0,"comment_status":"open","ping_status":"open","template":"","meta":{"footnotes":""},"class_list":["post-6659","page","type-page","status-publish","hentry"],"_links":{"self":[{"href":"https:\/\/trashbusters.com.co\/index.php?rest_route=\/wp\/v2\/pages\/6659","targetHints":{"allow":["GET"]}}],"collection":[{"href":"https:\/\/trashbusters.com.co\/index.php?rest_route=\/wp\/v2\/pages"}],"about":[{"href":"https:\/\/trashbusters.com.co\/index.php?rest_route=\/wp\/v2\/types\/page"}],"author":[{"embeddable":true,"href":"https:\/\/trashbusters.com.co\/index.php?rest_route=\/wp\/v2\/users\/1"}],"replies":[{"embeddable":true,"href":"https:\/\/trashbusters.com.co\/index.php?rest_route=%2Fwp%2Fv2%2Fcomments&post=6659"}],"version-history":[{"count":26,"href":"https:\/\/trashbusters.com.co\/index.php?rest_route=\/wp\/v2\/pages\/6659\/revisions"}],"predecessor-version":[{"id":9139,"href":"https:\/\/trashbusters.com.co\/index.php?rest_route=\/wp\/v2\/pages\/6659\/revisions\/9139"}],"wp:attachment":[{"href":"https:\/\/trashbusters.com.co\/index.php?rest_route=%2Fwp%2Fv2%2Fmedia&parent=6659"}],"curies":[{"name":"wp","href":"https:\/\/api.w.org\/{rel}","templated":true}]}}